{"id":21456,"date":"2025-09-25T13:24:32","date_gmt":"2025-09-25T13:24:32","guid":{"rendered":"https:\/\/net.logistiqa.co\/net\/?page_id=21456"},"modified":"2025-10-08T13:41:42","modified_gmt":"2025-10-08T13:41:42","slug":"contact","status":"publish","type":"page","link":"https:\/\/net.logistiqa.co\/net\/contact\/","title":{"rendered":"Contactez-nous"},"content":{"rendered":"\t\t<div data-elementor-type=\"wp-page\" data-elementor-id=\"21456\" class=\"elementor elementor-21456\">\n\t\t\t\t<div class=\"elementor-element elementor-element-baefe06 e-flex e-con-boxed e-con e-parent\" data-id=\"baefe06\" data-element_type=\"container\" data-settings=\"{&quot;background_background&quot;:&quot;classic&quot;}\">\n\t\t\t\t\t<div class=\"e-con-inner\">\n\t\t<div class=\"elementor-element elementor-element-523e4a2 e-con-full e-flex e-con e-child\" data-id=\"523e4a2\" data-element_type=\"container\">\n\t\t<div class=\"elementor-element elementor-element-773e533 e-con-full e-flex e-con e-child\" data-id=\"773e533\" data-element_type=\"container\">\n\t\t\t\t<div class=\"elementor-element elementor-element-8778bb4 animated-fast elementor-invisible elementor-widget elementor-widget-elementskit-heading\" data-id=\"8778bb4\" data-element_type=\"widget\" data-settings=\"{&quot;_animation&quot;:&quot;fadeIn&quot;,&quot;_animation_delay&quot;:100,&quot;ekit_we_effect_on&quot;:&quot;none&quot;}\" data-widget_type=\"elementskit-heading.default\">\n\t\t\t\t<div class=\"elementor-widget-container\">\n\t\t\t\t\t<div class=\"ekit-wid-con\" ><div class=\"ekit-heading elementskit-section-title-wraper text_left   ekit_heading_tablet-   ekit_heading_mobile-text_left\"><h6 class=\"elementskit-section-subtitle  \">\n\t\t\t\t\t\tNos locaux\n\t\t\t\t\t<\/h6><h2 class=\"ekit-heading--title elementskit-section-title \">Vous souhaitez <br> Nous rendre visite ?<\/h2>\t\t\t\t<div class='ekit-heading__description'>\n\t\t\t\t\t<p>Que ce soit pour une r\u00e9union, un atelier ou une visite, retrouvez ci-dessous toutes les informations n\u00e9cessaires pour acc\u00e9der \u00e0 nos bureaux.<\/p>\n\t\t\t\t<\/div>\n\t\t\t<\/div><\/div>\t\t\t\t<\/div>\n\t\t\t\t<\/div>\n\t\t\t\t<div class=\"elementor-element elementor-element-ae2124b elementor-widget__width-initial animated-fast elementor-invisible elementor-widget elementor-widget-elementskit-heading\" data-id=\"ae2124b\" data-element_type=\"widget\" data-settings=\"{&quot;_animation&quot;:&quot;fadeIn&quot;,&quot;_animation_delay&quot;:200,&quot;ekit_we_effect_on&quot;:&quot;none&quot;}\" data-widget_type=\"elementskit-heading.default\">\n\t\t\t\t<div class=\"elementor-widget-container\">\n\t\t\t\t\t<div class=\"ekit-wid-con\" ><div class=\"ekit-heading elementskit-section-title-wraper text_left   ekit_heading_tablet-   ekit_heading_mobile-\"><h5 class=\"ekit-heading--title elementskit-section-title \">Adresse : <\/h5>\t\t\t\t<div class='ekit-heading__description'>\n\t\t\t\t\t<p>Cit\u00e9 de l\u2019Innovation de Souss Massa<br \/>Avenue Oued Ziz, 80000 Agadir, Maroc<\/p>\n\t\t\t\t<\/div>\n\t\t\t<\/div><\/div>\t\t\t\t<\/div>\n\t\t\t\t<\/div>\n\t\t\t\t<div class=\"elementor-element elementor-element-3094343 elementor-widget__width-initial animated-fast elementor-invisible elementor-widget elementor-widget-elementskit-heading\" data-id=\"3094343\" data-element_type=\"widget\" data-settings=\"{&quot;_animation&quot;:&quot;fadeIn&quot;,&quot;_animation_delay&quot;:300,&quot;ekit_we_effect_on&quot;:&quot;none&quot;}\" data-widget_type=\"elementskit-heading.default\">\n\t\t\t\t<div class=\"elementor-widget-container\">\n\t\t\t\t\t<div class=\"ekit-wid-con\" ><div class=\"ekit-heading elementskit-section-title-wraper text_left   ekit_heading_tablet-   ekit_heading_mobile-\"><h5 class=\"ekit-heading--title elementskit-section-title \">Horaires d\u2019ouverture :<\/h5>\t\t\t\t<div class='ekit-heading__description'>\n\t\t\t\t\t<p>Lundi \u2013 Vendredi : 8h00 \u2013 17h00<\/p>\n\t\t\t\t<\/div>\n\t\t\t<\/div><\/div>\t\t\t\t<\/div>\n\t\t\t\t<\/div>\n\t\t\t\t<\/div>\n\t\t<div class=\"elementor-element elementor-element-ce72a4a e-con-full e-flex e-con e-child\" data-id=\"ce72a4a\" data-element_type=\"container\">\n\t\t\t\t<div class=\"elementor-element elementor-element-18240bc elementor-widget__width-initial animated-fast elementor-invisible elementor-widget elementor-widget-elementskit-google-map\" data-id=\"18240bc\" data-element_type=\"widget\" data-settings=\"{&quot;_animation&quot;:&quot;fadeInUp&quot;,&quot;_animation_delay&quot;:200,&quot;ekit_we_effect_on&quot;:&quot;none&quot;}\" data-widget_type=\"elementskit-google-map.default\">\n\t\t\t\t<div class=\"elementor-widget-container\">\n\t\t\t\t\t<div class=\"ekit-wid-con\" >\n\t\t\t<div class=\"ekit-google-map\" id=\"ekit-google-map-18240bc\" data-id=\"18240bc\" data-api_key=\"\" style=\"margin-left:auto;margin-right:auto;text-align:center;\" data-map_type=\"basic\" data-map_address_type=\"coordinates\" data-map_lat=\"30.389461\" data-map_lng=\"-9.563599\" data-map_basic_marker_title=\"Google Map\" data-map_basic_marker_icon_enable=\"yes\" data-map_basic_marker_icon=\"http:\/\/sierra.keydesign.xyz\/startup\/wp-content\/uploads\/sites\/7\/2023\/10\/gmap-marker-black.svg\" data-map_basic_marker_icon_width=\"42\" data-map_basic_marker_icon_height=\"42\" data-map_zoom=\"13\" data-map_theme=\"%22%5B%7B%5C%22featureType%5C%22%3A%5C%22administrative.locality%5C%22%2C%5C%22elementType%5C%22%3A%5C%22all%5C%22%2C%5C%22stylers%5C%22%3A%5B%7B%5C%22hue%5C%22%3A%5C%22%232c2e33%5C%22%7D%2C%7B%5C%22saturation%5C%22%3A7%7D%2C%7B%5C%22lightness%5C%22%3A19%7D%2C%7B%5C%22visibility%5C%22%3A%5C%22on%5C%22%7D%5D%7D%2C%7B%5C%22featureType%5C%22%3A%5C%22landscape%5C%22%2C%5C%22elementType%5C%22%3A%5C%22all%5C%22%2C%5C%22stylers%5C%22%3A%5B%7B%5C%22hue%5C%22%3A%5C%22%23ffffff%5C%22%7D%2C%7B%5C%22saturation%5C%22%3A-100%7D%2C%7B%5C%22lightness%5C%22%3A100%7D%2C%7B%5C%22visibility%5C%22%3A%5C%22simplified%5C%22%7D%5D%7D%2C%7B%5C%22featureType%5C%22%3A%5C%22poi%5C%22%2C%5C%22elementType%5C%22%3A%5C%22all%5C%22%2C%5C%22stylers%5C%22%3A%5B%7B%5C%22hue%5C%22%3A%5C%22%23ffffff%5C%22%7D%2C%7B%5C%22saturation%5C%22%3A-100%7D%2C%7B%5C%22lightness%5C%22%3A100%7D%2C%7B%5C%22visibility%5C%22%3A%5C%22off%5C%22%7D%5D%7D%2C%7B%5C%22featureType%5C%22%3A%5C%22road%5C%22%2C%5C%22elementType%5C%22%3A%5C%22geometry%5C%22%2C%5C%22stylers%5C%22%3A%5B%7B%5C%22hue%5C%22%3A%5C%22%23bbc0c4%5C%22%7D%2C%7B%5C%22saturation%5C%22%3A-93%7D%2C%7B%5C%22lightness%5C%22%3A31%7D%2C%7B%5C%22visibility%5C%22%3A%5C%22simplified%5C%22%7D%5D%7D%2C%7B%5C%22featureType%5C%22%3A%5C%22road%5C%22%2C%5C%22elementType%5C%22%3A%5C%22labels%5C%22%2C%5C%22stylers%5C%22%3A%5B%7B%5C%22hue%5C%22%3A%5C%22%23bbc0c4%5C%22%7D%2C%7B%5C%22saturation%5C%22%3A-93%7D%2C%7B%5C%22lightness%5C%22%3A31%7D%2C%7B%5C%22visibility%5C%22%3A%5C%22on%5C%22%7D%5D%7D%2C%7B%5C%22featureType%5C%22%3A%5C%22road.arterial%5C%22%2C%5C%22elementType%5C%22%3A%5C%22labels%5C%22%2C%5C%22stylers%5C%22%3A%5B%7B%5C%22hue%5C%22%3A%5C%22%23bbc0c4%5C%22%7D%2C%7B%5C%22saturation%5C%22%3A-93%7D%2C%7B%5C%22lightness%5C%22%3A-2%7D%2C%7B%5C%22visibility%5C%22%3A%5C%22simplified%5C%22%7D%5D%7D%2C%7B%5C%22featureType%5C%22%3A%5C%22road.local%5C%22%2C%5C%22elementType%5C%22%3A%5C%22geometry%5C%22%2C%5C%22stylers%5C%22%3A%5B%7B%5C%22hue%5C%22%3A%5C%22%23e9ebed%5C%22%7D%2C%7B%5C%22saturation%5C%22%3A-90%7D%2C%7B%5C%22lightness%5C%22%3A-8%7D%2C%7B%5C%22visibility%5C%22%3A%5C%22simplified%5C%22%7D%5D%7D%2C%7B%5C%22featureType%5C%22%3A%5C%22transit%5C%22%2C%5C%22elementType%5C%22%3A%5C%22all%5C%22%2C%5C%22stylers%5C%22%3A%5B%7B%5C%22hue%5C%22%3A%5C%22%23e9ebed%5C%22%7D%2C%7B%5C%22saturation%5C%22%3A10%7D%2C%7B%5C%22lightness%5C%22%3A69%7D%2C%7B%5C%22visibility%5C%22%3A%5C%22on%5C%22%7D%5D%7D%2C%7B%5C%22featureType%5C%22%3A%5C%22water%5C%22%2C%5C%22elementType%5C%22%3A%5C%22all%5C%22%2C%5C%22stylers%5C%22%3A%5B%7B%5C%22hue%5C%22%3A%5C%22%23e9ebed%5C%22%7D%2C%7B%5C%22saturation%5C%22%3A-78%7D%2C%7B%5C%22lightness%5C%22%3A67%7D%2C%7B%5C%22visibility%5C%22%3A%5C%22simplified%5C%22%7D%5D%7D%5D%22\" data-map_markers=\"null\" data-map_polylines=\"null\" data-map_streeview_control=\"false\" data-map_type_control=\"false\" data-map_zoom_control=\"true\" data-map_fullscreen_control=\"true\" data-map_scroll_zoom=\"false\"><\/div>\n\t\t\t<div class=\"google-map-notice\"><\/div>\n\t<\/div>\t\t\t\t<\/div>\n\t\t\t\t<\/div>\n\t\t\t\t<\/div>\n\t\t\t\t<\/div>\n\t\t\t\t\t<\/div>\n\t\t\t\t<\/div>\n\t\t<div class=\"elementor-element elementor-element-c97d277 e-flex e-con-boxed e-con e-parent\" data-id=\"c97d277\" data-element_type=\"container\" data-settings=\"{&quot;background_background&quot;:&quot;classic&quot;}\">\n\t\t\t\t\t<div class=\"e-con-inner\">\n\t\t<div class=\"elementor-element elementor-element-cd89d69 e-con-full e-flex e-con e-child\" data-id=\"cd89d69\" data-element_type=\"container\">\n\t\t<div class=\"elementor-element elementor-element-809e9ce e-con-full animated-fast e-flex elementor-invisible e-con e-child\" data-id=\"809e9ce\" data-element_type=\"container\" data-settings=\"{&quot;background_background&quot;:&quot;classic&quot;,&quot;animation&quot;:&quot;fadeInUp&quot;,&quot;animation_delay&quot;:100}\">\n\t\t<div class=\"elementor-element elementor-element-d618af6 e-con-full e-flex e-con e-child\" data-id=\"d618af6\" data-element_type=\"container\" data-settings=\"{&quot;background_background&quot;:&quot;classic&quot;}\">\n\t\t\t\t<div class=\"elementor-element elementor-element-d8fdc51 animated-fast elementor-widget__width-initial elementor-invisible elementor-widget elementor-widget-elementskit-heading\" data-id=\"d8fdc51\" data-element_type=\"widget\" data-settings=\"{&quot;_animation&quot;:&quot;fadeIn&quot;,&quot;_animation_delay&quot;:200,&quot;ekit_we_effect_on&quot;:&quot;none&quot;}\" data-widget_type=\"elementskit-heading.default\">\n\t\t\t\t<div class=\"elementor-widget-container\">\n\t\t\t\t\t<div class=\"ekit-wid-con\" ><div class=\"ekit-heading elementskit-section-title-wraper text_center   ekit_heading_tablet-   ekit_heading_mobile-text_left\"><h2 class=\"ekit-heading--title elementskit-section-title \">Essayez gratuitement d\u00e8s aujourd'hui<\/h2>\t\t\t\t<div class='ekit-heading__description'>\n\t\t\t\t\t<p>Sans engagement. Sans carte banacaire.<\/p>\n<p>Rejoignez les 1200+ coop\u00e9ratives et entreprises d\u00e9ja accompagn\u00e9es.<\/p>\n\t\t\t\t<\/div>\n\t\t\t<\/div><\/div>\t\t\t\t<\/div>\n\t\t\t\t<\/div>\n\t\t\t\t<div class=\"elementor-element elementor-element-b8ffb56 elementor-widget elementor-widget-button\" data-id=\"b8ffb56\" data-element_type=\"widget\" data-settings=\"{&quot;ekit_we_effect_on&quot;:&quot;none&quot;}\" data-widget_type=\"button.default\">\n\t\t\t\t<div class=\"elementor-widget-container\">\n\t\t\t\t\t\t\t\t\t<div class=\"elementor-button-wrapper\">\n\t\t\t\t\t<a class=\"elementor-button elementor-button-link elementor-size-sm\" href=\"https:\/\/net.logistiqa.co\/net\/demande-de-demo\/\">\n\t\t\t\t\t\t<span class=\"elementor-button-content-wrapper\">\n\t\t\t\t\t\t\t\t\t<span class=\"elementor-button-text\">Prendre rendez-vous avec un conseillier<\/span>\n\t\t\t\t\t<\/span>\n\t\t\t\t\t<\/a>\n\t\t\t\t<\/div>\n\t\t\t\t\t\t\t\t<\/div>\n\t\t\t\t<\/div>\n\t\t\t\t<\/div>\n\t\t\t\t<\/div>\n\t\t\t\t<\/div>\n\t\t\t\t\t<\/div>\n\t\t\t\t<\/div>\n\t\t\t\t<\/div>\n\t\t","protected":false},"excerpt":{"rendered":"<p>Nos locaux Vous souhaitez Nous rendre visite ? Que ce soit pour une r\u00e9union, un atelier ou une visite, retrouvez ci-dessous toutes les informations n\u00e9cessaires pour acc\u00e9der \u00e0 nos bureaux. Adresse : Cit\u00e9 de l\u2019Innovation de Souss MassaAvenue Oued Ziz, 80000 Agadir, Maroc Horaires d\u2019ouverture : Lundi \u2013 Vendredi : 8h00 \u2013 17h00 Essayez gratuitement [&hellip;]<\/p>\n","protected":false},"author":2,"featured_media":0,"parent":0,"menu_order":0,"comment_status":"closed","ping_status":"closed","template":"","meta":{"footnotes":""},"class_list":["post-21456","page","type-page","status-publish","hentry"],"_links":{"self":[{"href":"https:\/\/net.logistiqa.co\/net\/wp-json\/wp\/v2\/pages\/21456","targetHints":{"allow":["GET"]}}],"collection":[{"href":"https:\/\/net.logistiqa.co\/net\/wp-json\/wp\/v2\/pages"}],"about":[{"href":"https:\/\/net.logistiqa.co\/net\/wp-json\/wp\/v2\/types\/page"}],"author":[{"embeddable":true,"href":"https:\/\/net.logistiqa.co\/net\/wp-json\/wp\/v2\/users\/2"}],"replies":[{"embeddable":true,"href":"https:\/\/net.logistiqa.co\/net\/wp-json\/wp\/v2\/comments?post=21456"}],"version-history":[{"count":19,"href":"https:\/\/net.logistiqa.co\/net\/wp-json\/wp\/v2\/pages\/21456\/revisions"}],"predecessor-version":[{"id":21691,"href":"https:\/\/net.logistiqa.co\/net\/wp-json\/wp\/v2\/pages\/21456\/revisions\/21691"}],"wp:attachment":[{"href":"https:\/\/net.logistiqa.co\/net\/wp-json\/wp\/v2\/media?parent=21456"}],"curies":[{"name":"wp","href":"https:\/\/api.w.org\/{rel}","templated":true}]}}